{"id":718,"date":"2012-01-14T18:59:13","date_gmt":"2012-01-14T17:59:13","guid":{"rendered":"http:\/\/www.zaepfletrinker.de\/he1\/wordpress\/?page_id=718"},"modified":"2018-04-03T18:28:52","modified_gmt":"2018-04-03T16:28:52","slug":"kontakt","status":"publish","type":"page","link":"https:\/\/www.zaepfletrinker.de\/he1\/wordpress\/?page_id=718","title":{"rendered":"Kontakt"},"content":{"rendered":"<p>\u00dcber folgende Adresse:<\/p>\n<p>Z\u00e4pfletrinker V\u00f6rstetten e.V.<br \/>\nMarc Winsheimer \/ 1. Vorstand<br \/>\nFeldbergstr. 11<br \/>\n79279 V\u00f6rstetten<\/p>\n<p>E-Mail: premier@zaepfletrinker.de<\/p>\n","protected":false},"excerpt":{"rendered":"<p>\u00dcber folgende Adresse: Z\u00e4pfletrinker V\u00f6rstetten e.V. Marc Winsheimer \/ 1. Vorstand Feldbergstr. 11 79279 V\u00f6rstetten E-Mail: premier@zaepfletrinker.de<\/p>\n","protected":false},"author":3,"featured_media":0,"parent":0,"menu_order":0,"comment_status":"closed","ping_status":"closed","template":"","meta":{"ngg_post_thumbnail":0,"footnotes":""},"class_list":["post-718","page","type-page","status-publish","hentry"],"_links":{"self":[{"href":"https:\/\/www.zaepfletrinker.de\/he1\/wordpress\/index.php?rest_route=\/wp\/v2\/pages\/718","targetHints":{"allow":["GET"]}}],"collection":[{"href":"https:\/\/www.zaepfletrinker.de\/he1\/wordpress\/index.php?rest_route=\/wp\/v2\/pages"}],"about":[{"href":"https:\/\/www.zaepfletrinker.de\/he1\/wordpress\/index.php?rest_route=\/wp\/v2\/types\/page"}],"author":[{"embeddable":true,"href":"https:\/\/www.zaepfletrinker.de\/he1\/wordpress\/index.php?rest_route=\/wp\/v2\/users\/3"}],"replies":[{"embeddable":true,"href":"https:\/\/www.zaepfletrinker.de\/he1\/wordpress\/index.php?rest_route=%2Fwp%2Fv2%2Fcomments&post=718"}],"version-history":[{"count":10,"href":"https:\/\/www.zaepfletrinker.de\/he1\/wordpress\/index.php?rest_route=\/wp\/v2\/pages\/718\/revisions"}],"predecessor-version":[{"id":5037,"href":"https:\/\/www.zaepfletrinker.de\/he1\/wordpress\/index.php?rest_route=\/wp\/v2\/pages\/718\/revisions\/5037"}],"wp:attachment":[{"href":"https:\/\/www.zaepfletrinker.de\/he1\/wordpress\/index.php?rest_route=%2Fwp%2Fv2%2Fmedia&parent=718"}],"curies":[{"name":"wp","href":"https:\/\/api.w.org\/{rel}","templated":true}]}}