{"id":163,"date":"2011-12-06T18:39:12","date_gmt":"2011-12-06T18:39:12","guid":{"rendered":"http:\/\/localhost:8888\/wordpress\/?page_id=163"},"modified":"2026-02-22T15:26:26","modified_gmt":"2026-02-22T14:26:26","slug":"entstehung","status":"publish","type":"page","link":"http:\/\/www.zaepfletrinker.de\/he1\/wordpress\/?page_id=163","title":{"rendered":"Chronik"},"content":{"rendered":"<h3>Ja,wie kommt man darauf eine Wagenbaugruppe zu gr\u00fcnden???<br>Das ist eine gute Frage!<\/h3>\n<p>Wenn wir uns recht erinnern war das Ganze zum ersten Mal im Sp\u00e4tjahr 2001 im Gespr\u00e4ch als ein paar von uns kurz vor dem Realschulabschuss standen und wir einen Wagen von der Abschlussklasse machen wollten.Im Pr\u00fcfungsstress ging das jedoch leider wieder unter.<br>Doch dann kam es im September 2002 wieder ins Gespr\u00e4ch und wir trafen uns zum ersten Mal beim Oli zuhause. Nach mehreren Planungsabenden (an denen mehr getrunken wurde als geplant) in Johanns Garten stand dann auch ziemlich schnell der Name fest&#8230;&#8230;&#8230;&#8230;<br>Die Z\u00c4PFLETRINKER V\u00d6RSTETTEN waren geboren!<br>Wir haben Kontakt mit Rothaus aufgenommen und dann stand das Thema der Fasnet 2003 auch schnell fest, wir bauten einen gro\u00dfen Z\u00e4pfle Kasten.<br>Wir hoffen, dass es weiterhin so aufw\u00e4rts geht mit uns und wir weiterhin so Fasnet machen k\u00f6nnen.<\/p>\n<p>Erg\u00e4nzung:<br>Seit dem 18.06.2010 sind wir im Vereinsregister als gemeinn\u00fctziger Verein eingetragen und treten als Z\u00e4pfletrinker V\u00f6rstetten e.V. auf.<\/p>\n<p><span style=\"font-size: small;\">Also man sieht sich bestimmt mal an de Fasnet&#8230;&#8230;.<\/span><\/p>\n<p>&nbsp;<\/p>\n<h3>Fasnetswagen-Chronik<\/h3>\n<p style=\"text-align: center;\">&nbsp;<strong>2003<br><\/strong>&#8222;Rothaus&#8220;<br><img loading=\"lazy\" decoding=\"async\" class=\"aligncenter size-full wp-image-694\" title=\"Wagen2003\" src=\"http:\/\/www.zaepfletrinker.de\/he1\/wordpress\/wp-content\/uploads\/2011\/12\/Wagen2003.jpg\" alt=\"\" width=\"480\" height=\"360\" srcset=\"http:\/\/www.zaepfletrinker.de\/he1\/wordpress\/wp-content\/uploads\/2011\/12\/Wagen2003.jpg 480w, http:\/\/www.zaepfletrinker.de\/he1\/wordpress\/wp-content\/uploads\/2011\/12\/Wagen2003-300x225.jpg 300w\" sizes=\"auto, (max-width: 480px) 100vw, 480px\" \/><\/p>\n<p style=\"text-align: center;\"><strong>2004<br><\/strong>&#8222;Werner Tour&#8220;<br><img loading=\"lazy\" decoding=\"async\" class=\"aligncenter size-full wp-image-695\" title=\"Wagen2004\" src=\"http:\/\/www.zaepfletrinker.de\/he1\/wordpress\/wp-content\/uploads\/2011\/12\/Wagen2004.jpg\" alt=\"\" width=\"480\" height=\"360\" srcset=\"http:\/\/www.zaepfletrinker.de\/he1\/wordpress\/wp-content\/uploads\/2011\/12\/Wagen2004.jpg 480w, http:\/\/www.zaepfletrinker.de\/he1\/wordpress\/wp-content\/uploads\/2011\/12\/Wagen2004-300x225.jpg 300w\" sizes=\"auto, (max-width: 480px) 100vw, 480px\" \/><a href=\"http:\/\/www.zaepfletrinker.de\/he1\/wordpress\/wp-content\/uploads\/2011\/12\/Tourplan-2004.jpg\" target=\"_blank\" rel=\"noopener noreferrer\">Tourplan 2004<\/a><\/p>\n<p style=\"text-align: center;\"><strong><br>2005<br><\/strong>&#8222;Asterix &amp; Obelix on Tour&#8220;<br><img loading=\"lazy\" decoding=\"async\" class=\"aligncenter size-full wp-image-696\" title=\"Wagen2005\" src=\"http:\/\/www.zaepfletrinker.de\/he1\/wordpress\/wp-content\/uploads\/2011\/12\/Wagen2005.jpg\" alt=\"\" width=\"480\" height=\"360\" srcset=\"http:\/\/www.zaepfletrinker.de\/he1\/wordpress\/wp-content\/uploads\/2011\/12\/Wagen2005.jpg 480w, http:\/\/www.zaepfletrinker.de\/he1\/wordpress\/wp-content\/uploads\/2011\/12\/Wagen2005-300x225.jpg 300w\" sizes=\"auto, (max-width: 480px) 100vw, 480px\" \/><a href=\"http:\/\/www.zaepfletrinker.de\/he1\/wordpress\/wp-content\/uploads\/2011\/12\/Tourplan-2005.jpg\" target=\"_blank\" rel=\"noopener noreferrer\">Tourplan 2005<\/a><\/p>\n<p style=\"text-align: center;\"><strong><br>2006<br><\/strong>&#8222;B\u00e4renkitzler&#8220;<br><img loading=\"lazy\" decoding=\"async\" class=\"aligncenter size-full wp-image-697\" title=\"Wagen2006\" src=\"http:\/\/www.zaepfletrinker.de\/he1\/wordpress\/wp-content\/uploads\/2011\/12\/Wagen2006.jpg\" alt=\"\" width=\"480\" height=\"360\" srcset=\"http:\/\/www.zaepfletrinker.de\/he1\/wordpress\/wp-content\/uploads\/2011\/12\/Wagen2006.jpg 480w, http:\/\/www.zaepfletrinker.de\/he1\/wordpress\/wp-content\/uploads\/2011\/12\/Wagen2006-300x225.jpg 300w\" sizes=\"auto, (max-width: 480px) 100vw, 480px\" \/>Tourplan 2006<\/p>\n<p style=\"text-align: center;\"><strong><br>2007<br><\/strong>&#8222;mit Frau Antje auf L\u00e4ndle Tour&#8220;<br><img loading=\"lazy\" decoding=\"async\" class=\"aligncenter size-full wp-image-698\" title=\"Wagen2007\" src=\"http:\/\/www.zaepfletrinker.de\/he1\/wordpress\/wp-content\/uploads\/2011\/12\/Wagen2007.jpg\" alt=\"\" width=\"480\" height=\"360\" srcset=\"http:\/\/www.zaepfletrinker.de\/he1\/wordpress\/wp-content\/uploads\/2011\/12\/Wagen2007.jpg 480w, http:\/\/www.zaepfletrinker.de\/he1\/wordpress\/wp-content\/uploads\/2011\/12\/Wagen2007-300x225.jpg 300w\" sizes=\"auto, (max-width: 480px) 100vw, 480px\" \/><a href=\"http:\/\/www.zaepfletrinker.de\/he1\/wordpress\/wp-content\/uploads\/2011\/12\/Tourplan-2007.jpg\" target=\"_blank\" rel=\"noopener noreferrer\">Tourplan 2007<\/a><\/p>\n<p style=\"text-align: center;\"><strong><br>2008<br><\/strong>&#8222;W\u00e4chter der Finsternis&#8220;<strong><br><img loading=\"lazy\" decoding=\"async\" class=\"aligncenter size-full wp-image-699\" title=\"Wagen2008\" src=\"http:\/\/www.zaepfletrinker.de\/he1\/wordpress\/wp-content\/uploads\/2011\/12\/Wagen2008.jpg\" alt=\"\" width=\"480\" height=\"360\" srcset=\"http:\/\/www.zaepfletrinker.de\/he1\/wordpress\/wp-content\/uploads\/2011\/12\/Wagen2008.jpg 480w, http:\/\/www.zaepfletrinker.de\/he1\/wordpress\/wp-content\/uploads\/2011\/12\/Wagen2008-300x225.jpg 300w\" sizes=\"auto, (max-width: 480px) 100vw, 480px\" \/><\/strong><a href=\"http:\/\/www.zaepfletrinker.de\/he1\/wordpress\/wp-content\/uploads\/2011\/12\/Tourplan-2008.jpg\" target=\"_blank\" rel=\"noopener noreferrer\">Tourplan 2008<\/a><\/p>\n<p style=\"text-align: center;\"><strong><br>2009<br><\/strong>&#8222;Panzerknacker&#8220;<strong><br><img loading=\"lazy\" decoding=\"async\" class=\"aligncenter size-full wp-image-700\" title=\"wagen2009\" src=\"http:\/\/www.zaepfletrinker.de\/he1\/wordpress\/wp-content\/uploads\/2011\/12\/wagen2009.jpg\" alt=\"\" width=\"480\" height=\"360\" srcset=\"http:\/\/www.zaepfletrinker.de\/he1\/wordpress\/wp-content\/uploads\/2011\/12\/wagen2009.jpg 480w, http:\/\/www.zaepfletrinker.de\/he1\/wordpress\/wp-content\/uploads\/2011\/12\/wagen2009-300x225.jpg 300w\" sizes=\"auto, (max-width: 480px) 100vw, 480px\" \/><\/strong><a href=\"http:\/\/www.zaepfletrinker.de\/he1\/wordpress\/wp-content\/uploads\/2011\/12\/Tourplan-2009.jpg\" target=\"_blank\" rel=\"noopener noreferrer\">Tourplan 2009<\/a><\/p>\n<p style=\"text-align: center;\"><strong><br>2010<br><\/strong>&#8222;Gorillas&#8220;<strong><br><img loading=\"lazy\" decoding=\"async\" class=\"aligncenter size-full wp-image-701\" title=\"wagen2010\" src=\"http:\/\/www.zaepfletrinker.de\/he1\/wordpress\/wp-content\/uploads\/2011\/12\/wagen2010.jpg\" alt=\"\" width=\"480\" height=\"360\" srcset=\"http:\/\/www.zaepfletrinker.de\/he1\/wordpress\/wp-content\/uploads\/2011\/12\/wagen2010.jpg 480w, http:\/\/www.zaepfletrinker.de\/he1\/wordpress\/wp-content\/uploads\/2011\/12\/wagen2010-300x225.jpg 300w\" sizes=\"auto, (max-width: 480px) 100vw, 480px\" \/><\/strong><a href=\"http:\/\/www.zaepfletrinker.de\/he1\/wordpress\/wp-content\/uploads\/2011\/12\/Tourplan-2010.jpg\" target=\"_blank\" rel=\"noopener noreferrer\">Tourplan 2010<\/a><\/p>\n<p style=\"text-align: center;\"><strong><br>2011<br><\/strong>&#8222;Gorillas&#8220;<strong><br><strong><img loading=\"lazy\" decoding=\"async\" class=\"aligncenter size-full wp-image-702\" title=\"wagen2011\" src=\"http:\/\/www.zaepfletrinker.de\/he1\/wordpress\/wp-content\/uploads\/2011\/12\/wagen2011.jpg\" alt=\"\" width=\"480\" height=\"360\" srcset=\"http:\/\/www.zaepfletrinker.de\/he1\/wordpress\/wp-content\/uploads\/2011\/12\/wagen2011.jpg 480w, http:\/\/www.zaepfletrinker.de\/he1\/wordpress\/wp-content\/uploads\/2011\/12\/wagen2011-300x225.jpg 300w\" sizes=\"auto, (max-width: 480px) 100vw, 480px\" \/><\/strong><\/strong><a href=\"http:\/\/www.zaepfletrinker.de\/he1\/wordpress\/wp-content\/uploads\/2011\/12\/Tourplan-20112.jpg\" target=\"_blank\" rel=\"noopener noreferrer\">Tourplan 2011<\/a><\/p>\n<p style=\"text-align: center;\"><strong><br>2012<br><\/strong>&#8222;Auf der Walz&#8220;<strong><br><strong><img loading=\"lazy\" decoding=\"async\" class=\"aligncenter size-full wp-image-892\" title=\"Wagen 2012\" src=\"http:\/\/www.zaepfletrinker.de\/he1\/wordpress\/wp-content\/uploads\/2011\/12\/wagen2012.jpg\" alt=\"\" width=\"480\" height=\"360\" srcset=\"http:\/\/www.zaepfletrinker.de\/he1\/wordpress\/wp-content\/uploads\/2011\/12\/wagen2012.jpg 480w, http:\/\/www.zaepfletrinker.de\/he1\/wordpress\/wp-content\/uploads\/2011\/12\/wagen2012-300x225.jpg 300w\" sizes=\"auto, (max-width: 480px) 100vw, 480px\" \/><\/strong><\/strong><a href=\"http:\/\/www.zaepfletrinker.de\/he1\/wordpress\/wp-content\/uploads\/2011\/12\/Tourplan-2012.jpg\" target=\"_blank\" rel=\"noopener noreferrer\">Tourplan 2012<\/a><\/p>\n<p style=\"text-align: center;\"><strong><br>2013<br><\/strong>&#8222;Auf der Walz&#8220;<strong><br><strong><img loading=\"lazy\" decoding=\"async\" class=\"aligncenter size-full wp-image-892\" title=\"Wagen 2013\" src=\"http:\/\/www.zaepfletrinker.de\/he1\/wordpress\/wp-content\/uploads\/2011\/12\/wagen2013.jpg\" alt=\"\" width=\"480\" height=\"360\"><\/strong><\/strong><a href=\"http:\/\/www.zaepfletrinker.de\/he1\/wordpress\/wp-content\/uploads\/2013\/01\/Tourplan_2013.pdf\" target=\"_blank\" rel=\"noopener noreferrer\">Tourplan 2013<\/a><\/p>\n<p style=\"text-align: center;\"><strong><br>2014<br><\/strong>&#8222;Venezianische Fasnet&#8220;<strong><br><img loading=\"lazy\" decoding=\"async\" class=\"alignnone size-full wp-image-1121\" src=\"http:\/\/www.zaepfletrinker.de\/he1\/wordpress\/wp-content\/uploads\/2011\/12\/wagen_2014.jpg\" alt=\"Wagen 2014\" width=\"480\" height=\"360\" srcset=\"http:\/\/www.zaepfletrinker.de\/he1\/wordpress\/wp-content\/uploads\/2011\/12\/wagen_2014.jpg 480w, http:\/\/www.zaepfletrinker.de\/he1\/wordpress\/wp-content\/uploads\/2011\/12\/wagen_2014-300x225.jpg 300w\" sizes=\"auto, (max-width: 480px) 100vw, 480px\" \/><br><\/strong><a href=\"http:\/\/www.zaepfletrinker.de\/he1\/wordpress\/wp-content\/uploads\/2014\/01\/Z\u00e4pfletrinker_Tourplan-Fasnet-2014.pdf\" target=\"_blank\" rel=\"noopener noreferrer\">Tourplan 2014<\/a><\/p>\n<p style=\"text-align: center;\"><strong><br>2015<br><\/strong>&#8222;Biergit Kraft&#8220;<strong><br><img loading=\"lazy\" decoding=\"async\" class=\"alignnone size-full wp-image-1121\" src=\"http:\/\/www.zaepfletrinker.de\/he1\/wordpress\/wp-content\/uploads\/2011\/12\/wagen2015.jpg\" alt=\"Wagen 2015\" width=\"480\" height=\"360\"><br><\/strong><a href=\"http:\/\/www.zaepfletrinker.de\/he1\/wordpress\/wp-content\/uploads\/2015\/01\/Z\u00e4pfletrinker_Tourplan-Fasnet-2015.jpg\" target=\"_blank\" rel=\"noopener noreferrer\">Tourplan 2015<\/a><\/p>\n<p style=\"text-align: center;\"><strong><br>2016<br><\/strong>&#8222;Biergit Kraft&#8220;<strong><br><img loading=\"lazy\" decoding=\"async\" class=\"alignnone size-full wp-image-1121\" src=\"http:\/\/www.zaepfletrinker.de\/he1\/wordpress\/wp-content\/uploads\/2011\/12\/tour2016.jpg\" alt=\"Wagen 2016\" width=\"480\" height=\"360\"><br><\/strong><a href=\"http:\/\/www.zaepfletrinker.de\/he1\/wordpress\/wp-content\/uploads\/2015\/11\/Z\u00e4pfletrinker_Tourplan-Fasnet-2016.pdf\" target=\"_blank\" rel=\"noopener noreferrer\">Tourplan 2016<\/a><\/p>\n<p style=\"text-align: center;\"><strong><br>2017<br><\/strong>&#8222;Biergit Kraft&#8220;<strong><br><img loading=\"lazy\" decoding=\"async\" class=\"alignnone size-full wp-image-1121\" src=\"http:\/\/www.zaepfletrinker.de\/he1\/wordpress\/wp-content\/uploads\/2018\/02\/wagen2017.jpg\" alt=\"Wagen 2017\" width=\"480\" height=\"360\"><br><\/strong><a href=\"http:\/\/www.zaepfletrinker.de\/he1\/wordpress\/wp-content\/uploads\/2016\/12\/Tourplan2017e.jpg\" target=\"_blank\" rel=\"noopener noreferrer\">Tourplan 2017<\/a><\/p>\n<p style=\"text-align: center;\"><strong><br>2018<br><\/strong>&#8222;Biergit Kraft&#8220;<strong><br><img loading=\"lazy\" decoding=\"async\" class=\"alignnone size-full wp-image-1121\" src=\"http:\/\/www.zaepfletrinker.de\/he1\/wordpress\/wp-content\/uploads\/2018\/02\/wagen2018.jpg\" alt=\"Wagen 2018\" width=\"480\" height=\"360\"><br><\/strong><a href=\"http:\/\/www.zaepfletrinker.de\/he1\/wordpress\/wp-content\/uploads\/2018\/01\/Tourplan2018_mitJubilaeumslogo.jpg\" target=\"_blank\" rel=\"noopener noreferrer\">Tourplan 2018<\/a><\/p>\n<p style=\"text-align: center;\"><strong>2019<br><\/strong>&#8222;Biergit Kraft&#8220;<strong><br><img loading=\"lazy\" decoding=\"async\" class=\"alignnone size-full wp-image-1121\" src=\"http:\/\/www.zaepfletrinker.de\/he1\/wordpress\/wp-content\/uploads\/2019\/03\/wagen2019.jpg\" alt=\"Wagen 2019\" width=\"480\" height=\"360\"><br><\/strong><a href=\"http:\/\/www.zaepfletrinker.de\/he1\/wordpress\/wp-content\/uploads\/2019\/03\/Tourplan2019.jpg\" target=\"_blank\" rel=\"noopener noreferrer\">Tourplan 2019<\/a><\/p>\n<p style=\"text-align: center;\"><strong>2020<br><\/strong>&#8222;Biergit Kraft&#8220;<strong><br><a href=\"http:\/\/www.zaepfletrinker.de\/he1\/wordpress\/wp-content\/uploads\/2022\/01\/cidD1BB028C-0E64-4BF0-BB09-0032E83E3B94-scaled.jpg\"><img loading=\"lazy\" decoding=\"async\" class=\"aligncenter wp-image-5159\" src=\"http:\/\/www.zaepfletrinker.de\/he1\/wordpress\/wp-content\/uploads\/2022\/01\/cidD1BB028C-0E64-4BF0-BB09-0032E83E3B94-300x200.jpg\" alt=\"\" width=\"540\" height=\"360\" srcset=\"http:\/\/www.zaepfletrinker.de\/he1\/wordpress\/wp-content\/uploads\/2022\/01\/cidD1BB028C-0E64-4BF0-BB09-0032E83E3B94-300x200.jpg 300w, http:\/\/www.zaepfletrinker.de\/he1\/wordpress\/wp-content\/uploads\/2022\/01\/cidD1BB028C-0E64-4BF0-BB09-0032E83E3B94-1024x683.jpg 1024w, http:\/\/www.zaepfletrinker.de\/he1\/wordpress\/wp-content\/uploads\/2022\/01\/cidD1BB028C-0E64-4BF0-BB09-0032E83E3B94-768x512.jpg 768w, http:\/\/www.zaepfletrinker.de\/he1\/wordpress\/wp-content\/uploads\/2022\/01\/cidD1BB028C-0E64-4BF0-BB09-0032E83E3B94-1536x1024.jpg 1536w, http:\/\/www.zaepfletrinker.de\/he1\/wordpress\/wp-content\/uploads\/2022\/01\/cidD1BB028C-0E64-4BF0-BB09-0032E83E3B94-2048x1365.jpg 2048w, http:\/\/www.zaepfletrinker.de\/he1\/wordpress\/wp-content\/uploads\/2022\/01\/cidD1BB028C-0E64-4BF0-BB09-0032E83E3B94-750x500.jpg 750w\" sizes=\"auto, (max-width: 540px) 100vw, 540px\" \/><\/a><\/strong><a href=\"https:\/\/www.zaepfletrinker.de\/he1\/wordpress\/?p=5113\" target=\"_blank\" rel=\"noopener noreferrer\">Tourplan 2020<\/a><\/p>\n<p style=\"text-align: center;\"><strong>2021<\/strong><strong><br><img loading=\"lazy\" decoding=\"async\" class=\"aligncenter wp-image-5159\" src=\"http:\/\/www.zaepfletrinker.de\/he1\/wordpress\/wp-content\/uploads\/2023\/02\/ccovid.jpg\" alt=\"\" width=\"540\" height=\"360\"><\/strong><\/p>\n<p style=\"text-align: center;\"><strong>2022<\/strong><strong><br><img loading=\"lazy\" decoding=\"async\" class=\"aligncenter wp-image-5159\" src=\"http:\/\/www.zaepfletrinker.de\/he1\/wordpress\/wp-content\/uploads\/2023\/02\/ccovid.jpg\" alt=\"\" width=\"540\" height=\"360\"><\/strong><\/p>\n<p style=\"text-align: center;\"><strong>2023<br><\/strong>&#8222;Biergit Kraft&#8220;<strong><br><a href=\"https:\/\/www.zaepfletrinker.de\/he1\/wordpress\/?p=5240\" target=\"_blank\" rel=\"noopener noreferrer\"><img loading=\"lazy\" decoding=\"async\" class=\"aligncenter wp-image-5159\" src=\"http:\/\/www.zaepfletrinker.de\/he1\/wordpress\/wp-content\/uploads\/2023\/02\/wagen2023.jpg\" alt=\"\" width=\"540\" height=\"360\"><\/a><\/strong><a href=\"https:\/\/www.zaepfletrinker.de\/he1\/wordpress\/?p=5240\" target=\"_blank\" rel=\"noopener noreferrer\">Tourplan 2023<\/a><\/p>\n<p style=\"text-align: center;\"><strong>2024<br><\/strong>&#8222;Biergit Kraft&#8220;<strong><br><a href=\"https:\/\/www.zaepfletrinker.de\/he1\/wordpress\/?p=5282\" target=\"_blank\" rel=\"noopener noreferrer\"><img loading=\"lazy\" decoding=\"async\" class=\"aligncenter wp-image-5306 size-full\" src=\"http:\/\/www.zaepfletrinker.de\/he1\/wordpress\/wp-content\/uploads\/2024\/05\/wagen2024.jpg\" alt=\"\" width=\"540\" height=\"360\" srcset=\"http:\/\/www.zaepfletrinker.de\/he1\/wordpress\/wp-content\/uploads\/2024\/05\/wagen2024.jpg 540w, http:\/\/www.zaepfletrinker.de\/he1\/wordpress\/wp-content\/uploads\/2024\/05\/wagen2024-300x200.jpg 300w, http:\/\/www.zaepfletrinker.de\/he1\/wordpress\/wp-content\/uploads\/2024\/05\/wagen2024-174x116.jpg 174w\" sizes=\"auto, (max-width: 540px) 100vw, 540px\" \/><\/a><\/strong><a href=\"https:\/\/www.zaepfletrinker.de\/he1\/wordpress\/?p=5282\" target=\"_blank\" rel=\"noopener noreferrer\">Tourplan 2024<\/a><\/p>\n<p style=\"text-align: center;\"><strong>2025<br><\/strong>&#8222;Biergit Kraft&#8220;<\/p>\n\n\n<figure class=\"wp-block-image size-large\"><a href=\"https:\/\/www.zaepfletrinker.de\/he1\/wordpress\/wp-content\/uploads\/2026\/02\/IMG_1562-scaled.jpg\"><img loading=\"lazy\" decoding=\"async\" width=\"1024\" height=\"768\" src=\"https:\/\/www.zaepfletrinker.de\/he1\/wordpress\/wp-content\/uploads\/2026\/02\/IMG_1562-1024x768.jpg\" alt=\"\" class=\"wp-image-5384\" srcset=\"http:\/\/www.zaepfletrinker.de\/he1\/wordpress\/wp-content\/uploads\/2026\/02\/IMG_1562-1024x768.jpg 1024w, http:\/\/www.zaepfletrinker.de\/he1\/wordpress\/wp-content\/uploads\/2026\/02\/IMG_1562-300x225.jpg 300w, http:\/\/www.zaepfletrinker.de\/he1\/wordpress\/wp-content\/uploads\/2026\/02\/IMG_1562-768x576.jpg 768w, http:\/\/www.zaepfletrinker.de\/he1\/wordpress\/wp-content\/uploads\/2026\/02\/IMG_1562-1536x1152.jpg 1536w, http:\/\/www.zaepfletrinker.de\/he1\/wordpress\/wp-content\/uploads\/2026\/02\/IMG_1562-2048x1536.jpg 2048w, http:\/\/www.zaepfletrinker.de\/he1\/wordpress\/wp-content\/uploads\/2026\/02\/IMG_1562-155x116.jpg 155w\" sizes=\"auto, (max-width: 1024px) 100vw, 1024px\" \/><\/a><\/figure>\n\n\n\n<p class=\"has-text-align-center\"><a href=\"https:\/\/www.zaepfletrinker.de\/he1\/wordpress\/wp-content\/uploads\/2025\/12\/Tourplan26.jpg\" data-type=\"attachment\" data-id=\"5378\">Tourplan 2025<\/a><\/p>\n","protected":false},"excerpt":{"rendered":"<p>Ja,wie kommt man darauf eine Wagenbaugruppe zu gr\u00fcnden???Das ist eine gute Frage! Wenn wir uns recht erinnern war das Ganze zum ersten Mal im Sp\u00e4tjahr 2001 im Gespr\u00e4ch als ein paar von uns kurz vor dem Realschulabschuss standen und wir einen Wagen von der Abschlussklasse machen wollten.Im Pr\u00fcfungsstress ging das jedoch leider wieder unter.Doch dann [&hellip;]<\/p>\n","protected":false},"author":3,"featured_media":0,"parent":0,"menu_order":0,"comment_status":"closed","ping_status":"closed","template":"","meta":{"ngg_post_thumbnail":0,"footnotes":""},"class_list":["post-163","page","type-page","status-publish","hentry"],"_links":{"self":[{"href":"http:\/\/www.zaepfletrinker.de\/he1\/wordpress\/index.php?rest_route=\/wp\/v2\/pages\/163","targetHints":{"allow":["GET"]}}],"collection":[{"href":"http:\/\/www.zaepfletrinker.de\/he1\/wordpress\/index.php?rest_route=\/wp\/v2\/pages"}],"about":[{"href":"http:\/\/www.zaepfletrinker.de\/he1\/wordpress\/index.php?rest_route=\/wp\/v2\/types\/page"}],"author":[{"embeddable":true,"href":"http:\/\/www.zaepfletrinker.de\/he1\/wordpress\/index.php?rest_route=\/wp\/v2\/users\/3"}],"replies":[{"embeddable":true,"href":"http:\/\/www.zaepfletrinker.de\/he1\/wordpress\/index.php?rest_route=%2Fwp%2Fv2%2Fcomments&post=163"}],"version-history":[{"count":32,"href":"http:\/\/www.zaepfletrinker.de\/he1\/wordpress\/index.php?rest_route=\/wp\/v2\/pages\/163\/revisions"}],"predecessor-version":[{"id":5386,"href":"http:\/\/www.zaepfletrinker.de\/he1\/wordpress\/index.php?rest_route=\/wp\/v2\/pages\/163\/revisions\/5386"}],"wp:attachment":[{"href":"http:\/\/www.zaepfletrinker.de\/he1\/wordpress\/index.php?rest_route=%2Fwp%2Fv2%2Fmedia&parent=163"}],"curies":[{"name":"wp","href":"https:\/\/api.w.org\/{rel}","templated":true}]}}